{"id":180,"date":"2023-02-22T16:24:23","date_gmt":"2023-02-22T16:24:23","guid":{"rendered":"https:\/\/sylvaingagne.ca\/?page_id=180"},"modified":"2023-03-13T09:13:19","modified_gmt":"2023-03-13T09:13:19","slug":"politique-de-confidentialite","status":"publish","type":"page","link":"https:\/\/sylvaingagne.ca\/en\/politique-de-confidentialite\/","title":{"rendered":"Politique de confidentialit\u00e9"},"content":{"rendered":"<div data-elementor-type=\"wp-page\" data-elementor-id=\"180\" class=\"elementor elementor-180\" data-elementor-post-type=\"page\">\n\t\t\t\t\t\t<section class=\"elementor-section elementor-top-section elementor-element elementor-element-756c3afb elementor-section-content-middle elementor-section-boxed elementor-section-height-default elementor-section-height-default\" data-id=\"756c3afb\" data-element_type=\"section\" data-e-type=\"section\">\n\t\t\t\t\t\t<div class=\"elementor-container elementor-column-gap-no\">\n\t\t\t\t\t<div class=\"elementor-column elementor-col-50 elementor-top-column elementor-element elementor-element-5976ab18\" data-id=\"5976ab18\" data-element_type=\"column\" data-e-type=\"column\">\n\t\t\t<div class=\"elementor-widget-wrap elementor-element-populated\">\n\t\t\t\t\t\t<div class=\"elementor-element elementor-element-5a865614 elementor-widget-divider--view-line elementor-widget elementor-widget-divider\" data-id=\"5a865614\" data-element_type=\"widget\" data-e-type=\"widget\" data-widget_type=\"divider.default\">\n\t\t\t\t<div class=\"elementor-widget-container\">\n\t\t\t\t\t\t\t<div class=\"elementor-divider\">\n\t\t\t<span class=\"elementor-divider-separator\">\n\t\t\t\t\t\t<\/span>\n\t\t<\/div>\n\t\t\t\t\t\t<\/div>\n\t\t\t\t<\/div>\n\t\t\t\t\t<\/div>\n\t\t<\/div>\n\t\t\t\t<div class=\"elementor-column elementor-col-50 elementor-top-column elementor-element elementor-element-55ad233d\" data-id=\"55ad233d\" data-element_type=\"column\" data-e-type=\"column\">\n\t\t\t<div class=\"elementor-widget-wrap elementor-element-populated\">\n\t\t\t\t\t\t<div class=\"elementor-element elementor-element-203b8b3a elementor-widget elementor-widget-heading\" data-id=\"203b8b3a\" data-element_type=\"widget\" data-e-type=\"widget\" data-widget_type=\"heading.default\">\n\t\t\t\t<div class=\"elementor-widget-container\">\n\t\t\t\t\t<h5 class=\"elementor-heading-title elementor-size-default\">Sylvain Gagn\u00e9, courtier immobilier r\u00e9sidentiel<\/h5>\t\t\t\t<\/div>\n\t\t\t\t<\/div>\n\t\t\t\t<div class=\"elementor-element elementor-element-12ae0e77 elementor-widget elementor-widget-heading\" data-id=\"12ae0e77\" data-element_type=\"widget\" data-e-type=\"widget\" data-widget_type=\"heading.default\">\n\t\t\t\t<div class=\"elementor-widget-container\">\n\t\t\t\t\t<h4 class=\"elementor-heading-title elementor-size-default\">Politique de confidentialit\u00e9<\/h4>\t\t\t\t<\/div>\n\t\t\t\t<\/div>\n\t\t\t\t<div class=\"elementor-element elementor-element-56424d53 elementor-widget elementor-widget-text-editor\" data-id=\"56424d53\" data-element_type=\"widget\" data-e-type=\"widget\" data-widget_type=\"text-editor.default\">\n\t\t\t\t<div class=\"elementor-widget-container\">\n\t\t\t\t\t\t\t\t\t<p>Nous recueillons vos donn\u00e9es personnelles, notamment votre pr\u00e9nom et nom de famille, num\u00e9ro de t\u00e9l\u00e9phone et adresse \u00e9lectronique, uniquement lorsque vous vous inscrivez pour recevoir des informations. Lorsque vous visitez notre site Web ou les sites Web ou services en ligne sur lesquels nous affichons de la publicit\u00e9, nous recueillons des donn\u00e9es relatives \u00e0 vos activit\u00e9s qui ne vous identifient pas personnellement ni directement. Ces informations peuvent inclure le contenu que vous visionnez, la date et l\u2019heure \u00e0 laquelle vous visualisez ce contenu, les produits que vous achetez ou les informations relatives \u00e0 votre emplacement, par l\u2019entremise de votre adresse IP. Les renseignements que nous recueillons servent \u00e0 vous proposer des publicit\u00e9s plus pertinentes (une technique appel\u00e9e \u00ab re-ciblage \u00bb). Nous recueillons des informations sur le site o\u00f9 vous avez vu les publicit\u00e9s que nous vous proposons et sur la publicit\u00e9 sur laquelle vous avez cliqu\u00e9.<\/p><p>Lorsque vous parcourez https:\/\/www.sylvaingagne.ca et d&rsquo;autres sites Web, les r\u00e9seaux de publicit\u00e9 en ligne avec lesquels nous collaborons peuvent placer des fichiers t\u00e9moins (cookies) anonymes sur votre ordinateur et utiliser des technologies similaires afin de comprendre vos int\u00e9r\u00eats \u00e0 partir de vos activit\u00e9s en ligne (anonymes), et vous proposer ainsi des publicit\u00e9s plus pertinentes. Si vous ne souhaitez pas recevoir ces publicit\u00e9s personnalis\u00e9es, vous pouvez visiter cette page pour ne plus \u00eatre cibl\u00e9 par la plupart des soci\u00e9t\u00e9s qui s\u2019engagent dans ce type d\u2019activit\u00e9s publicitaires. Cela ne vous emp\u00eachera pas de visualiser des publicit\u00e9s, mais celles-ci ne seront simplement pas affich\u00e9es dans le cadre de ces m\u00e9thodes de re-ciblage.<\/p><p>Nous ne proposons pas de publicit\u00e9s cibl\u00e9es en fonction de renseignements personnels sensibles, notamment les informations relatives \u00e0 votre couleur ou origine ethnique, \u00e0 vos opinions politiques, \u00e0 vos croyances religieuses ou autres de nature similaire, \u00e0 votre appartenance \u00e0 un syndicat, \u00e0 votre sant\u00e9 ou \u00e0 votre \u00e9tat physique ou mental ou bien \u00e0 vos pr\u00e9f\u00e9rences sexuelles. Nous pouvons uniquement vous proposer des publicit\u00e9s cibl\u00e9es \u00e0 partir des donn\u00e9es fournies par des publicitaires ou partenaires ou en les croisant avec des donn\u00e9es que nous recueillons nous-m\u00eames. Toutes les donn\u00e9es utilis\u00e9es pour d\u00e9livrer des publicit\u00e9s cibl\u00e9es sont anonymes et ne sont pas utilis\u00e9es dans l\u2019objectif de vous identifier personnellement ou directement.<\/p><p>Dans le but de joindre un auditoire pertinent, nous collaborons avec des soci\u00e9t\u00e9s de publicit\u00e9 externes (nos \u00ab partenaires publicitaires \u00bb), qui nous aident \u00e0 vous reconnaitre et \u00e0 vous proposer des publicit\u00e9s pertinentes lorsque vous visitez un site Web ou un service en ligne dans leur r\u00e9seau. Nous collaborons aussi avec des partenaires publicitaires afin de mieux vous reconnaitre sur diff\u00e9rents p\u00e9riph\u00e9riques et vous proposer des publicit\u00e9s pertinentes. Nos partenaires publicitaires peuvent recueillir des informations sur vos activit\u00e9s sur notre site Web et sur d\u2019autres sites Web ou services en ligne dans leurs r\u00e9seaux. Nous collaborons \u00e9galement avec des soci\u00e9t\u00e9s externes qui nous fournissent des outils d\u2019analyse Web, qui \u00e9valuent notamment l\u2019usage et le fonctionnement de notre site Web, afin que nous puissions continuellement am\u00e9liorer le site Web et nos services.<\/p><p>Nos partenaires externes et nous-m\u00eames utilisons des cookies de session et des cookies persistants pour faciliter votre navigation et rehausser votre exp\u00e9rience utilisateur sur notre site, ainsi que pour contr\u00f4ler et \u00e9valuer le fonctionnement et l\u2019usage de notre site Web.<\/p><p>Pour modifier ou supprimer vos informations personnelles, ou pour vous exclure de l\u2019envoi de messages \u00e0 l\u2019avenir, vous pouvez nous joindre ici :<\/p><p>Bureau d&rsquo;agence<br \/>Via Capitale Diamant<br \/>295-101, boul. Saint-Joseph<br \/>Gatineau (Qu\u00e9bec)\u00a0 J8Y 3Y5\u00a0<\/p>\t\t\t\t\t\t\t\t<\/div>\n\t\t\t\t<\/div>\n\t\t\t\t\t<\/div>\n\t\t<\/div>\n\t\t\t\t\t<\/div>\n\t\t<\/section>\n\t\t\t\t<\/div>","protected":false},"excerpt":{"rendered":"<p>Sylvain Gagn\u00e9, courtier immobilier r\u00e9sidentiel Politique de confidentialit\u00e9 Nous recueillons vos donn\u00e9es personnelles, notamment votre pr\u00e9nom et nom de famille, num\u00e9ro de t\u00e9l\u00e9phone et adresse \u00e9lectronique, uniquement lorsque vous vous inscrivez pour recevoir des informations. Lorsque vous visitez notre site Web ou les sites Web ou services en ligne sur lesquels nous affichons de la [&hellip;]<\/p>\n","protected":false},"author":1,"featured_media":0,"parent":0,"menu_order":0,"comment_status":"closed","ping_status":"closed","template":"","meta":{"footnotes":""},"class_list":["post-180","page","type-page","status-publish","hentry"],"yoast_head":"<!-- This site is optimized with the Yoast SEO plugin v27.4 - https:\/\/yoast.com\/product\/yoast-seo-wordpress\/ -->\n<title>Politique de confidentialit\u00e9 - Sylvain Gagn&eacute;, courtier immobilier r&eacute;sidentiel<\/title>\n<meta name=\"robots\" content=\"index, follow, max-snippet:-1, max-image-preview:large, max-video-preview:-1\" \/>\n<link rel=\"canonical\" href=\"https:\/\/sylvaingagne.ca\/en\/politique-de-confidentialite\/\" \/>\n<meta property=\"og:locale\" content=\"en_US\" \/>\n<meta property=\"og:type\" content=\"article\" \/>\n<meta property=\"og:title\" content=\"Politique de confidentialit\u00e9 - Sylvain Gagn&eacute;, courtier immobilier r&eacute;sidentiel\" \/>\n<meta property=\"og:description\" content=\"Sylvain Gagn\u00e9, courtier immobilier r\u00e9sidentiel Politique de confidentialit\u00e9 Nous recueillons vos donn\u00e9es personnelles, notamment votre pr\u00e9nom et nom de famille, num\u00e9ro de t\u00e9l\u00e9phone et adresse \u00e9lectronique, uniquement lorsque vous vous inscrivez pour recevoir des informations. Lorsque vous visitez notre site Web ou les sites Web ou services en ligne sur lesquels nous affichons de la [&hellip;]\" \/>\n<meta property=\"og:url\" content=\"https:\/\/sylvaingagne.ca\/en\/politique-de-confidentialite\/\" \/>\n<meta property=\"og:site_name\" content=\"Sylvain Gagn&eacute;, courtier immobilier r&eacute;sidentiel\" \/>\n<meta property=\"article:modified_time\" content=\"2023-03-13T09:13:19+00:00\" \/>\n<meta name=\"twitter:card\" content=\"summary_large_image\" \/>\n<meta name=\"twitter:label1\" content=\"Est. reading time\" \/>\n\t<meta name=\"twitter:data1\" content=\"3 minutes\" \/>\n<script type=\"application\/ld+json\" class=\"yoast-schema-graph\">{\"@context\":\"https:\\\/\\\/schema.org\",\"@graph\":[{\"@type\":\"WebPage\",\"@id\":\"https:\\\/\\\/sylvaingagne.ca\\\/en\\\/politique-de-confidentialite\\\/\",\"url\":\"https:\\\/\\\/sylvaingagne.ca\\\/en\\\/politique-de-confidentialite\\\/\",\"name\":\"Politique de confidentialit\u00e9 - Sylvain Gagn&eacute;, courtier immobilier r&eacute;sidentiel\",\"isPartOf\":{\"@id\":\"https:\\\/\\\/sylvaingagne.ca\\\/#website\"},\"datePublished\":\"2023-02-22T16:24:23+00:00\",\"dateModified\":\"2023-03-13T09:13:19+00:00\",\"breadcrumb\":{\"@id\":\"https:\\\/\\\/sylvaingagne.ca\\\/en\\\/politique-de-confidentialite\\\/#breadcrumb\"},\"inLanguage\":\"en-CA\",\"potentialAction\":[{\"@type\":\"ReadAction\",\"target\":[\"https:\\\/\\\/sylvaingagne.ca\\\/en\\\/politique-de-confidentialite\\\/\"]}]},{\"@type\":\"BreadcrumbList\",\"@id\":\"https:\\\/\\\/sylvaingagne.ca\\\/en\\\/politique-de-confidentialite\\\/#breadcrumb\",\"itemListElement\":[{\"@type\":\"ListItem\",\"position\":1,\"name\":\"Home\",\"item\":\"https:\\\/\\\/sylvaingagne.ca\\\/\"},{\"@type\":\"ListItem\",\"position\":2,\"name\":\"Politique de confidentialit\u00e9\"}]},{\"@type\":\"WebSite\",\"@id\":\"https:\\\/\\\/sylvaingagne.ca\\\/#website\",\"url\":\"https:\\\/\\\/sylvaingagne.ca\\\/\",\"name\":\"Sylvain Gagn\u00e9, courtier immobilier r\u00e9sidentiel\",\"description\":\"Sylvain Gagn&eacute;, courtier immobilier r&eacute;sidentiel, Via Capitale Diamant\",\"publisher\":{\"@id\":\"https:\\\/\\\/sylvaingagne.ca\\\/#\\\/schema\\\/person\\\/cc6a8ebaa0b746ed090ad62bb61f8bba\"},\"potentialAction\":[{\"@type\":\"SearchAction\",\"target\":{\"@type\":\"EntryPoint\",\"urlTemplate\":\"https:\\\/\\\/sylvaingagne.ca\\\/?s={search_term_string}\"},\"query-input\":{\"@type\":\"PropertyValueSpecification\",\"valueRequired\":true,\"valueName\":\"search_term_string\"}}],\"inLanguage\":\"en-CA\"},{\"@type\":[\"Person\",\"Organization\"],\"@id\":\"https:\\\/\\\/sylvaingagne.ca\\\/#\\\/schema\\\/person\\\/cc6a8ebaa0b746ed090ad62bb61f8bba\",\"name\":\"admin\",\"image\":{\"@type\":\"ImageObject\",\"inLanguage\":\"en-CA\",\"@id\":\"https:\\\/\\\/sylvaingagne.ca\\\/wp-content\\\/uploads\\\/2023\\\/02\\\/cropped-SG_logo2.0-isoTR.webp\",\"url\":\"https:\\\/\\\/sylvaingagne.ca\\\/wp-content\\\/uploads\\\/2023\\\/02\\\/cropped-SG_logo2.0-isoTR.webp\",\"contentUrl\":\"https:\\\/\\\/sylvaingagne.ca\\\/wp-content\\\/uploads\\\/2023\\\/02\\\/cropped-SG_logo2.0-isoTR.webp\",\"width\":512,\"height\":512,\"caption\":\"admin\"},\"logo\":{\"@id\":\"https:\\\/\\\/sylvaingagne.ca\\\/wp-content\\\/uploads\\\/2023\\\/02\\\/cropped-SG_logo2.0-isoTR.webp\"},\"sameAs\":[\"https:\\\/\\\/sylvaingagne.ca\"]}]}<\/script>\n<!-- \/ Yoast SEO plugin. -->","yoast_head_json":{"title":"Politique de confidentialit\u00e9 - Sylvain Gagn&eacute;, courtier immobilier r&eacute;sidentiel","robots":{"index":"index","follow":"follow","max-snippet":"max-snippet:-1","max-image-preview":"max-image-preview:large","max-video-preview":"max-video-preview:-1"},"canonical":"https:\/\/sylvaingagne.ca\/en\/politique-de-confidentialite\/","og_locale":"en_US","og_type":"article","og_title":"Politique de confidentialit\u00e9 - Sylvain Gagn&eacute;, courtier immobilier r&eacute;sidentiel","og_description":"Sylvain Gagn\u00e9, courtier immobilier r\u00e9sidentiel Politique de confidentialit\u00e9 Nous recueillons vos donn\u00e9es personnelles, notamment votre pr\u00e9nom et nom de famille, num\u00e9ro de t\u00e9l\u00e9phone et adresse \u00e9lectronique, uniquement lorsque vous vous inscrivez pour recevoir des informations. Lorsque vous visitez notre site Web ou les sites Web ou services en ligne sur lesquels nous affichons de la [&hellip;]","og_url":"https:\/\/sylvaingagne.ca\/en\/politique-de-confidentialite\/","og_site_name":"Sylvain Gagn&eacute;, courtier immobilier r&eacute;sidentiel","article_modified_time":"2023-03-13T09:13:19+00:00","twitter_card":"summary_large_image","twitter_misc":{"Est. reading time":"3 minutes"},"schema":{"@context":"https:\/\/schema.org","@graph":[{"@type":"WebPage","@id":"https:\/\/sylvaingagne.ca\/en\/politique-de-confidentialite\/","url":"https:\/\/sylvaingagne.ca\/en\/politique-de-confidentialite\/","name":"Politique de confidentialit\u00e9 - Sylvain Gagn&eacute;, courtier immobilier r&eacute;sidentiel","isPartOf":{"@id":"https:\/\/sylvaingagne.ca\/#website"},"datePublished":"2023-02-22T16:24:23+00:00","dateModified":"2023-03-13T09:13:19+00:00","breadcrumb":{"@id":"https:\/\/sylvaingagne.ca\/en\/politique-de-confidentialite\/#breadcrumb"},"inLanguage":"en-CA","potentialAction":[{"@type":"ReadAction","target":["https:\/\/sylvaingagne.ca\/en\/politique-de-confidentialite\/"]}]},{"@type":"BreadcrumbList","@id":"https:\/\/sylvaingagne.ca\/en\/politique-de-confidentialite\/#breadcrumb","itemListElement":[{"@type":"ListItem","position":1,"name":"Home","item":"https:\/\/sylvaingagne.ca\/"},{"@type":"ListItem","position":2,"name":"Politique de confidentialit\u00e9"}]},{"@type":"WebSite","@id":"https:\/\/sylvaingagne.ca\/#website","url":"https:\/\/sylvaingagne.ca\/","name":"Sylvain Gagn\u00e9, courtier immobilier r\u00e9sidentiel","description":"Sylvain Gagn&eacute;, courtier immobilier r&eacute;sidentiel, Via Capitale Diamant","publisher":{"@id":"https:\/\/sylvaingagne.ca\/#\/schema\/person\/cc6a8ebaa0b746ed090ad62bb61f8bba"},"potentialAction":[{"@type":"SearchAction","target":{"@type":"EntryPoint","urlTemplate":"https:\/\/sylvaingagne.ca\/?s={search_term_string}"},"query-input":{"@type":"PropertyValueSpecification","valueRequired":true,"valueName":"search_term_string"}}],"inLanguage":"en-CA"},{"@type":["Person","Organization"],"@id":"https:\/\/sylvaingagne.ca\/#\/schema\/person\/cc6a8ebaa0b746ed090ad62bb61f8bba","name":"admin","image":{"@type":"ImageObject","inLanguage":"en-CA","@id":"https:\/\/sylvaingagne.ca\/wp-content\/uploads\/2023\/02\/cropped-SG_logo2.0-isoTR.webp","url":"https:\/\/sylvaingagne.ca\/wp-content\/uploads\/2023\/02\/cropped-SG_logo2.0-isoTR.webp","contentUrl":"https:\/\/sylvaingagne.ca\/wp-content\/uploads\/2023\/02\/cropped-SG_logo2.0-isoTR.webp","width":512,"height":512,"caption":"admin"},"logo":{"@id":"https:\/\/sylvaingagne.ca\/wp-content\/uploads\/2023\/02\/cropped-SG_logo2.0-isoTR.webp"},"sameAs":["https:\/\/sylvaingagne.ca"]}]}},"_links":{"self":[{"href":"https:\/\/sylvaingagne.ca\/en\/wp-json\/wp\/v2\/pages\/180","targetHints":{"allow":["GET"]}}],"collection":[{"href":"https:\/\/sylvaingagne.ca\/en\/wp-json\/wp\/v2\/pages"}],"about":[{"href":"https:\/\/sylvaingagne.ca\/en\/wp-json\/wp\/v2\/types\/page"}],"author":[{"embeddable":true,"href":"https:\/\/sylvaingagne.ca\/en\/wp-json\/wp\/v2\/users\/1"}],"replies":[{"embeddable":true,"href":"https:\/\/sylvaingagne.ca\/en\/wp-json\/wp\/v2\/comments?post=180"}],"version-history":[{"count":0,"href":"https:\/\/sylvaingagne.ca\/en\/wp-json\/wp\/v2\/pages\/180\/revisions"}],"wp:attachment":[{"href":"https:\/\/sylvaingagne.ca\/en\/wp-json\/wp\/v2\/media?parent=180"}],"curies":[{"name":"wp","href":"https:\/\/api.w.org\/{rel}","templated":true}]}}